{"id":128,"date":"2022-09-23T17:37:38","date_gmt":"2022-09-23T15:37:38","guid":{"rendered":"https:\/\/frenchschoolmilcent.com\/?page_id=128"},"modified":"2022-10-03T17:51:34","modified_gmt":"2022-10-03T15:51:34","slug":"kto-sme","status":"publish","type":"page","link":"https:\/\/frenchschoolmilcent.com\/index.php\/kto-sme\/","title":{"rendered":"O N\u00c1S"},"content":{"rendered":"\n<p><\/p>\n\n\n\n<figure class=\"wp-block-gallery has-nested-images columns-default is-cropped wp-block-gallery-1 is-layout-flex wp-block-gallery-is-layout-flex\">\n<figure class=\"wp-block-image size-large is-style-rounded\"><img loading=\"lazy\" decoding=\"async\" width=\"525\" height=\"446\" data-id=\"391\" src=\"https:\/\/i0.wp.com\/frenchschoolmilcent.com\/wp-content\/uploads\/2022\/10\/20201026_150626-2.jpg?resize=525%2C446&#038;ssl=1\" alt=\"\" class=\"wp-image-391\" srcset=\"https:\/\/i0.wp.com\/frenchschoolmilcent.com\/wp-content\/uploads\/2022\/10\/20201026_150626-2.jpg?resize=1024%2C869&amp;ssl=1 1024w, https:\/\/i0.wp.com\/frenchschoolmilcent.com\/wp-content\/uploads\/2022\/10\/20201026_150626-2.jpg?resize=300%2C254&amp;ssl=1 300w, https:\/\/i0.wp.com\/frenchschoolmilcent.com\/wp-content\/uploads\/2022\/10\/20201026_150626-2.jpg?resize=768%2C651&amp;ssl=1 768w, https:\/\/i0.wp.com\/frenchschoolmilcent.com\/wp-content\/uploads\/2022\/10\/20201026_150626-2.jpg?resize=1536%2C1303&amp;ssl=1 1536w, https:\/\/i0.wp.com\/frenchschoolmilcent.com\/wp-content\/uploads\/2022\/10\/20201026_150626-2.jpg?w=1607&amp;ssl=1 1607w\" sizes=\"auto, (max-width: 767px) 89vw, (max-width: 1000px) 54vw, (max-width: 1071px) 543px, 580px\" data-recalc-dims=\"1\" \/><\/figure>\n<\/figure>\n\n\n\n<blockquote class=\"wp-block-quote is-layout-flow wp-block-quote-is-layout-flow\"><p>Vol\u00e1me sa <strong>Martina <\/strong>a <strong>J\u00e9r\u00f4me <\/strong>Milcent, sme franc\u00fazsko-slovensk\u00fd p\u00e1r a v na\u0161om profesion\u00e1lnom \u017eivote sa venujeme v\u00fdu\u010dbe franc\u00faz\u0161tiny a vzdel\u00e1vac\u00edm projektom.<br><br><\/p><\/blockquote>\n\n\n\n<blockquote class=\"wp-block-quote is-layout-flow wp-block-quote-is-layout-flow\"><p><strong>MARTINA<\/strong><\/p><\/blockquote>\n\n\n\n<figure class=\"wp-block-image size-large is-resized is-style-default\"><img decoding=\"async\" src=\"https:\/\/i0.wp.com\/frenchschoolmilcent.com\/wp-content\/uploads\/2022\/10\/1664810518785.jpg?w=202&#038;ssl=1\" alt=\"\" class=\"wp-image-386\" srcset=\"https:\/\/i0.wp.com\/frenchschoolmilcent.com\/wp-content\/uploads\/2022\/10\/1664810518785-scaled.jpg?resize=1024%2C768&amp;ssl=1 1024w, https:\/\/i0.wp.com\/frenchschoolmilcent.com\/wp-content\/uploads\/2022\/10\/1664810518785-scaled.jpg?resize=300%2C225&amp;ssl=1 300w, https:\/\/i0.wp.com\/frenchschoolmilcent.com\/wp-content\/uploads\/2022\/10\/1664810518785-scaled.jpg?resize=768%2C576&amp;ssl=1 768w, https:\/\/i0.wp.com\/frenchschoolmilcent.com\/wp-content\/uploads\/2022\/10\/1664810518785-scaled.jpg?resize=1536%2C1152&amp;ssl=1 1536w, https:\/\/i0.wp.com\/frenchschoolmilcent.com\/wp-content\/uploads\/2022\/10\/1664810518785-scaled.jpg?resize=2048%2C1536&amp;ssl=1 2048w\" sizes=\"(max-width: 767px) 89vw, (max-width: 1000px) 54vw, (max-width: 1071px) 543px, 580px\" data-recalc-dims=\"1\" \/><\/figure>\n\n\n\n<ul class=\"wp-block-list\"><li>Som dlhoro\u010dn\u00e1 lektorka a u\u010dite\u013eka cudz\u00edch jazykov, presnej\u0161ie franc\u00faz\u0161tiny, angli\u010dtiny a sloven\u010diny v prezen\u010dnej forme aj online, s bohat\u00fdmi jazykov\u00fdmi sk\u00fasenos\u0165ami po 18 rokoch \u017eivota v par\u00ed\u017eskom regi\u00f3ne. <\/li><\/ul>\n\n\n\n<ul class=\"wp-block-list\"><li>P\u00f4sobila som ako s\u00fakromn\u00e1 lektorka franc\u00faz\u0161tiny, u\u010dite\u013eka angli\u010dtiny na s\u00fakromnej \u0161kole a ako lektorka sloven\u010diny v PSA Peugeot Citro\u00ebn vo Franc\u00fazsku. <\/li><\/ul>\n\n\n\n<ul class=\"wp-block-list\"><li>Moment\u00e1lne p\u00f4sob\u00edm tie\u017e ako prekladate\u013eka z franc\u00faz\u0161tiny a sloven\u010diny.<\/li><\/ul>\n\n\n\n<blockquote class=\"wp-block-quote is-layout-flow wp-block-quote-is-layout-flow\"><p><strong>J\u00c9R\u00d4ME<\/strong><\/p><\/blockquote>\n\n\n\n<figure class=\"wp-block-image size-thumbnail is-style-default\"><img loading=\"lazy\" decoding=\"async\" width=\"150\" height=\"150\" src=\"https:\/\/i0.wp.com\/frenchschoolmilcent.com\/wp-content\/uploads\/2022\/10\/IMG-20220930-WA0020.jpg?resize=150%2C150&#038;ssl=1\" alt=\"\" class=\"wp-image-311\" srcset=\"https:\/\/i0.wp.com\/frenchschoolmilcent.com\/wp-content\/uploads\/2022\/10\/IMG-20220930-WA0020.jpg?resize=150%2C150&amp;ssl=1 150w, https:\/\/i0.wp.com\/frenchschoolmilcent.com\/wp-content\/uploads\/2022\/10\/IMG-20220930-WA0020.jpg?resize=100%2C100&amp;ssl=1 100w, https:\/\/i0.wp.com\/frenchschoolmilcent.com\/wp-content\/uploads\/2022\/10\/IMG-20220930-WA0020.jpg?zoom=2&amp;resize=150%2C150&amp;ssl=1 300w, https:\/\/i0.wp.com\/frenchschoolmilcent.com\/wp-content\/uploads\/2022\/10\/IMG-20220930-WA0020.jpg?zoom=3&amp;resize=150%2C150&amp;ssl=1 450w\" sizes=\"auto, (max-width: 150px) 100vw, 150px\" data-recalc-dims=\"1\" \/><\/figure>\n\n\n\n<ul class=\"wp-block-list\"><li>Sk\u00fasen\u00fd u\u010dite\u013e a roden\u00fd hovorca s pedagogick\u00fdm vzdelan\u00edm a rozsiahlymi pracovn\u00fdmi sk\u00fasenos\u0165ami v \u0161peci\u00e1lnej pedagogike. <\/li><\/ul>\n\n\n\n<ul class=\"wp-block-list\"><li>Je komunikat\u00edvny, trpezliv\u00fd a seri\u00f3zny a vie nau\u010di\u0165 komunikova\u0165 &nbsp;aj t\u00fdch najzablokovanej\u0161\u00edch &nbsp;\u0161tudentov. <\/li><\/ul>\n\n\n\n<ul class=\"wp-block-list\"><li>Jeho hodiny s\u00fa zalo\u017een\u00e9 na konverz\u00e1ci\u00e1ch okolo t\u00e9m ka\u017edodenn\u00e9ho \u017eivota a na rozvoji schopnost\u00ed po\u010d\u00fava\u0165 a porozumie\u0165 vo franc\u00fazskom jazyku.<\/li><\/ul>\n\n\n\n<figure class=\"wp-block-gallery has-nested-images columns-default is-cropped wp-block-gallery-2 is-layout-flex wp-block-gallery-is-layout-flex\"><\/figure>\n","protected":false},"excerpt":{"rendered":"<p>Vol\u00e1me sa Martina a J\u00e9r\u00f4me Milcent, sme franc\u00fazsko-slovensk\u00fd p\u00e1r a v na\u0161om profesion\u00e1lnom \u017eivote sa venujeme v\u00fdu\u010dbe franc\u00faz\u0161tiny a vzdel\u00e1vac\u00edm projektom. MARTINA Som dlhoro\u010dn\u00e1 lektorka a u\u010dite\u013eka cudz\u00edch jazykov, presnej\u0161ie franc\u00faz\u0161tiny, angli\u010dtiny a sloven\u010diny v prezen\u010dnej forme aj online, s bohat\u00fdmi jazykov\u00fdmi sk\u00fasenos\u0165ami po 18 rokoch \u017eivota v par\u00ed\u017eskom regi\u00f3ne. P\u00f4sobila som ako s\u00fakromn\u00e1 lektorka &hellip; <\/p>\n<p class=\"link-more\"><a href=\"https:\/\/frenchschoolmilcent.com\/index.php\/kto-sme\/\" class=\"more-link\">Continuer la lecture<span class=\"screen-reader-text\"> de &laquo;&nbsp;O N\u00c1S&nbsp;&raquo;<\/span><\/a><\/p>\n","protected":false},"author":2,"featured_media":0,"parent":0,"menu_order":0,"comment_status":"closed","ping_status":"closed","template":"","meta":{"footnotes":""},"class_list":["post-128","page","type-page","status-publish","hentry"],"jetpack_sharing_enabled":true,"_links":{"self":[{"href":"https:\/\/frenchschoolmilcent.com\/index.php\/wp-json\/wp\/v2\/pages\/128","targetHints":{"allow":["GET"]}}],"collection":[{"href":"https:\/\/frenchschoolmilcent.com\/index.php\/wp-json\/wp\/v2\/pages"}],"about":[{"href":"https:\/\/frenchschoolmilcent.com\/index.php\/wp-json\/wp\/v2\/types\/page"}],"author":[{"embeddable":true,"href":"https:\/\/frenchschoolmilcent.com\/index.php\/wp-json\/wp\/v2\/users\/2"}],"replies":[{"embeddable":true,"href":"https:\/\/frenchschoolmilcent.com\/index.php\/wp-json\/wp\/v2\/comments?post=128"}],"version-history":[{"count":11,"href":"https:\/\/frenchschoolmilcent.com\/index.php\/wp-json\/wp\/v2\/pages\/128\/revisions"}],"predecessor-version":[{"id":394,"href":"https:\/\/frenchschoolmilcent.com\/index.php\/wp-json\/wp\/v2\/pages\/128\/revisions\/394"}],"wp:attachment":[{"href":"https:\/\/frenchschoolmilcent.com\/index.php\/wp-json\/wp\/v2\/media?parent=128"}],"curies":[{"name":"wp","href":"https:\/\/api.w.org\/{rel}","templated":true}]}}