{"id":134,"date":"2022-09-23T17:41:47","date_gmt":"2022-09-23T15:41:47","guid":{"rendered":"https:\/\/frenchschoolmilcent.com\/?page_id=134"},"modified":"2022-10-03T16:40:04","modified_gmt":"2022-10-03T14:40:04","slug":"studijny-program","status":"publish","type":"page","link":"https:\/\/frenchschoolmilcent.com\/index.php\/studijny-program\/","title":{"rendered":"\u0160TUDIJN\u00dd PROGRAM"},"content":{"rendered":"\n<figure class=\"wp-block-gallery has-nested-images columns-default is-cropped wp-block-gallery-1 is-layout-flex wp-block-gallery-is-layout-flex\">\n<figure class=\"wp-block-image size-large\"><img loading=\"lazy\" decoding=\"async\" width=\"525\" height=\"521\" data-id=\"346\" src=\"https:\/\/i0.wp.com\/frenchschoolmilcent.com\/wp-content\/uploads\/2022\/10\/1664806976308.jpg?resize=525%2C521&#038;ssl=1\" alt=\"\" class=\"wp-image-346\" srcset=\"https:\/\/i0.wp.com\/frenchschoolmilcent.com\/wp-content\/uploads\/2022\/10\/1664806976308.jpg?w=1080&amp;ssl=1 1080w, https:\/\/i0.wp.com\/frenchschoolmilcent.com\/wp-content\/uploads\/2022\/10\/1664806976308.jpg?resize=300%2C298&amp;ssl=1 300w, https:\/\/i0.wp.com\/frenchschoolmilcent.com\/wp-content\/uploads\/2022\/10\/1664806976308.jpg?resize=1024%2C1016&amp;ssl=1 1024w, https:\/\/i0.wp.com\/frenchschoolmilcent.com\/wp-content\/uploads\/2022\/10\/1664806976308.jpg?resize=150%2C150&amp;ssl=1 150w, https:\/\/i0.wp.com\/frenchschoolmilcent.com\/wp-content\/uploads\/2022\/10\/1664806976308.jpg?resize=768%2C762&amp;ssl=1 768w, https:\/\/i0.wp.com\/frenchschoolmilcent.com\/wp-content\/uploads\/2022\/10\/1664806976308.jpg?resize=100%2C100&amp;ssl=1 100w\" sizes=\"auto, (max-width: 767px) 89vw, (max-width: 1000px) 54vw, (max-width: 1071px) 543px, 580px\" data-recalc-dims=\"1\" \/><\/figure>\n<\/figure>\n\n\n\n<ol class=\"wp-block-list\"><li> <strong>KONVERZA\u010cN\u00c9 KURZY<\/strong>: <ul><li>Alebo lekcie franc\u00faz\u0161tiny v\u00fdlu\u010dne pre va\u0161e komunika\u010dn\u00e9 potreby. <\/li><li>Prisp\u00f4sob\u00edme sa Va\u0161ej \u00farovni a spolo\u010dne budeme rozv\u00edja\u0165 konverz\u00e1ciu oh\u013eadom t\u00e9m, ktor\u00e9 potrebujete. <\/li><li>Va\u0161a komunik\u00e1cia sa pomocou na\u0161ej konverza\u010dnej met\u00f3dy a vhodn\u00fdch materi\u00e1lov postupne stane istej\u0161ou a plynulej\u0161ou, odblokujeme Va\u0161e pr\u00edpadn\u00e9 obavy z &nbsp;vyjadrovania sa v cudzom jazyku. <\/li><li>Objav\u00edte s nami franc\u00fazsku kult\u00faru, be\u017en\u00e9 aj famili\u00e1rne v\u00fdrazy a mo\u017eno budete m\u00f4c\u0165 aj \u010doskoro rozumie\u0165 \u013eu\u010fom v metre alebo sledova\u0165 nov\u00fd seri\u00e1l na Netflixe.<\/li><\/ul><\/li><li><strong>JAZYKOV\u00c9 KURZY PRE CESTOVATE\u013dOV<\/strong>: <ul><li>Chyst\u00e1te sa vycestova\u0165 do franc\u00fazsky hovoriacej krajiny? <\/li><li>Pl\u00e1nujete kr\u00e1tky v\u00edkend v Par\u00ed\u017ei alebo sa chyst\u00e1te na dovolenku na juh Franc\u00fazska? <\/li><li>Postar\u00e1me sa o Va\u0161u \u00farove\u0148 franc\u00fazskeho jazyka a u\u013eah\u010d\u00edme V\u00e1m tak komunik\u00e1ciu po\u010das v\u00e1\u0161ho pobytu. <\/li><li>S \u013eahkos\u0165ou si porad\u00edte na letisku alebo stanici, v obchodoch, pri h\u013eadan\u00ed cesty \u010di v re\u0161taur\u00e1cii pri objedn\u00e1van\u00ed jed\u00e1l.<\/li><\/ul><\/li><li><strong>V\u0160EOBECN\u00dd KURZ<\/strong>: <ul><li>Tento kurz je ur\u010den\u00fd v\u0161etk\u00fdm, ktor\u00ed bud\u00fa potrebova\u0165 nielen \u00fastne komunikova\u0165, ale aj vyu\u017ei\u0165 svoje p\u00edsomn\u00e9 znalosti. <\/li><li>\u010ci u\u017e ide o v\u00fdmenn\u00fd pobyt zo \u0161koly, st\u00e1\u017e vo franc\u00fazskej firme alebo o nov\u00fa pr\u00e1cu vo franc\u00fazsky hovoriacej krajine, v\u010faka na\u0161im kurzom budete schopn\u00ed porozumie\u0165 podstatn\u00fdm veciam oh\u013eadom pr\u00e1ce, rozpr\u00e1va\u0165 o svojej profesii, predstavi\u0165 sa a hlavne sa budete c\u00edti\u0165 isto vo Va\u0161ej pr\u00e1ci vo frankof\u00f3nnom prostred\u00ed.<\/li><\/ul><\/li><li><strong>KURZY PRE DETI<\/strong>: <ul><li>V r\u00e1mci na\u0161ich kurzov pon\u00fakame aj hodiny pre men\u0161ie aj v\u00e4\u010d\u0161ie deti, ktor\u00e9 sa potrebuj\u00fa z r\u00f4znych d\u00f4vodov nau\u010di\u0165 po franc\u00fazsky. <\/li><li>Na na\u0161ich hodin\u00e1ch si deti osvoja tento jazyk predov\u0161etk\u00fdm hravou formou a nau\u010dia sa s \u013eahkos\u0165ou. <\/li><li>Prisp\u00f4sob\u00edme sa veku die\u0165a\u0165a, jeho \u017eelaniam a jazykov\u00fdm potreb\u00e1m. <\/li><li>V pr\u00edpade s\u0165ahovania sa do frankof\u00f3nnej krajiny alebo rodinn\u00e9ho projektu, nev\u00e1hajte vyu\u017ei\u0165 v\u00fdhodn\u00fa ponuku skupinov\u00fdch kurzov a prihl\u00e1ste sa ako rodina.<\/li><\/ul><\/li><li><strong>PR\u00cdPRAVA NA SK\u00da\u0160KY<\/strong>: <ul><li>Ak pl\u00e1nujete absolvova\u0165 certifik\u00e1ty DALF, DELF, \u0161t\u00e1tne jazykov\u00e9 sk\u00fa\u0161ky alebo in\u00e9, radi sa o V\u00e1s postar\u00e1me. <\/li><li>Od gramatiky, slovnej z\u00e1soby cez \u00fastne porozumenie a\u017e po p\u00edsomn\u00fd prejav, spolo\u010dne prejdeme v\u0161etky po\u017eiadavky danej sk\u00fa\u0161ky a priprav\u00edme V\u00e1s na ich \u00faspe\u0161n\u00e9 zvl\u00e1dnutie.<\/li><\/ul><\/li><\/ol>\n\n\n\n<figure class=\"wp-block-gallery has-nested-images columns-default is-cropped wp-block-gallery-2 is-layout-flex wp-block-gallery-is-layout-flex\"><\/figure>\n","protected":false},"excerpt":{"rendered":"<p>KONVERZA\u010cN\u00c9 KURZY: Alebo lekcie franc\u00faz\u0161tiny v\u00fdlu\u010dne pre va\u0161e komunika\u010dn\u00e9 potreby. Prisp\u00f4sob\u00edme sa Va\u0161ej \u00farovni a spolo\u010dne budeme rozv\u00edja\u0165 konverz\u00e1ciu oh\u013eadom t\u00e9m, ktor\u00e9 potrebujete. Va\u0161a komunik\u00e1cia sa pomocou na\u0161ej konverza\u010dnej met\u00f3dy a vhodn\u00fdch materi\u00e1lov postupne stane istej\u0161ou a plynulej\u0161ou, odblokujeme Va\u0161e pr\u00edpadn\u00e9 obavy z &nbsp;vyjadrovania sa v cudzom jazyku. Objav\u00edte s nami franc\u00fazsku kult\u00faru, be\u017en\u00e9 aj &hellip; <\/p>\n<p class=\"link-more\"><a href=\"https:\/\/frenchschoolmilcent.com\/index.php\/studijny-program\/\" class=\"more-link\">Continuer la lecture<span class=\"screen-reader-text\"> de &laquo;&nbsp;\u0160TUDIJN\u00dd PROGRAM&nbsp;&raquo;<\/span><\/a><\/p>\n","protected":false},"author":2,"featured_media":0,"parent":0,"menu_order":0,"comment_status":"closed","ping_status":"closed","template":"","meta":{"footnotes":""},"class_list":["post-134","page","type-page","status-publish","hentry"],"jetpack_sharing_enabled":true,"_links":{"self":[{"href":"https:\/\/frenchschoolmilcent.com\/index.php\/wp-json\/wp\/v2\/pages\/134","targetHints":{"allow":["GET"]}}],"collection":[{"href":"https:\/\/frenchschoolmilcent.com\/index.php\/wp-json\/wp\/v2\/pages"}],"about":[{"href":"https:\/\/frenchschoolmilcent.com\/index.php\/wp-json\/wp\/v2\/types\/page"}],"author":[{"embeddable":true,"href":"https:\/\/frenchschoolmilcent.com\/index.php\/wp-json\/wp\/v2\/users\/2"}],"replies":[{"embeddable":true,"href":"https:\/\/frenchschoolmilcent.com\/index.php\/wp-json\/wp\/v2\/comments?post=134"}],"version-history":[{"count":6,"href":"https:\/\/frenchschoolmilcent.com\/index.php\/wp-json\/wp\/v2\/pages\/134\/revisions"}],"predecessor-version":[{"id":365,"href":"https:\/\/frenchschoolmilcent.com\/index.php\/wp-json\/wp\/v2\/pages\/134\/revisions\/365"}],"wp:attachment":[{"href":"https:\/\/frenchschoolmilcent.com\/index.php\/wp-json\/wp\/v2\/media?parent=134"}],"curies":[{"name":"wp","href":"https:\/\/api.w.org\/{rel}","templated":true}]}}