{"id":137,"date":"2022-09-23T17:45:34","date_gmt":"2022-09-23T15:45:34","guid":{"rendered":"https:\/\/frenchschoolmilcent.com\/?page_id=137"},"modified":"2022-09-30T16:35:22","modified_gmt":"2022-09-30T14:35:22","slug":"ceny","status":"publish","type":"page","link":"https:\/\/frenchschoolmilcent.com\/index.php\/ceny\/","title":{"rendered":"CENY"},"content":{"rendered":"\n<figure class=\"wp-block-table is-style-regular\"><table class=\"has-black-color has-luminous-vivid-amber-to-luminous-vivid-orange-gradient-background has-text-color has-background\"><tbody><tr><td class=\"has-text-align-right\" data-align=\"right\"><\/td><td class=\"has-text-align-center\" data-align=\"center\">  Individu\u00e1lne<\/td><td>Vo dvojiciach<\/td><td>Skupinov\u00e1 (min. 3 osoby)<\/td><\/tr><tr><td class=\"has-text-align-right\" data-align=\"right\"><strong>30<\/strong> min<\/td><td class=\"has-text-align-center\" data-align=\"center\">12\u20ac<\/td><td>7\u20ac\/os<\/td><td>6\u20ac\/os<\/td><\/tr><tr><td class=\"has-text-align-right\" data-align=\"right\"><strong>45 <\/strong>min<\/td><td class=\"has-text-align-center\" data-align=\"center\">15\u20ac<\/td><td>9\u20ac\/os<\/td><td>7\u20ac\/os<\/td><\/tr><tr><td class=\"has-text-align-right\" data-align=\"right\"><strong>60<\/strong> min<\/td><td class=\"has-text-align-center\" data-align=\"center\">20\u20ac<\/td><td>13\u20ac\/os<\/td><td>10\u20ac\/os<\/td><\/tr><\/tbody><\/table><\/figure>\n\n\n\n<p>V skupinov\u00fdch lekci\u00e1ch akceptujeme maxim\u00e1lne 5 os\u00f4b<\/p>\n\n\n\n<p>Platba sa realizuje po ka\u017edej hodine bankov\u00fdm prevodom na n\u00e1\u0161 \u00fa\u010det<\/p>\n","protected":false},"excerpt":{"rendered":"<p>Individu\u00e1lne Vo dvojiciach Skupinov\u00e1 (min. 3 osoby) 30 min 12\u20ac 7\u20ac\/os 6\u20ac\/os 45 min 15\u20ac 9\u20ac\/os 7\u20ac\/os 60 min 20\u20ac 13\u20ac\/os 10\u20ac\/os V skupinov\u00fdch lekci\u00e1ch akceptujeme maxim\u00e1lne 5 os\u00f4b Platba sa realizuje po ka\u017edej hodine bankov\u00fdm prevodom na n\u00e1\u0161 \u00fa\u010det<\/p>\n","protected":false},"author":2,"featured_media":0,"parent":0,"menu_order":0,"comment_status":"closed","ping_status":"closed","template":"","meta":{"footnotes":""},"class_list":["post-137","page","type-page","status-publish","hentry"],"jetpack_sharing_enabled":true,"_links":{"self":[{"href":"https:\/\/frenchschoolmilcent.com\/index.php\/wp-json\/wp\/v2\/pages\/137","targetHints":{"allow":["GET"]}}],"collection":[{"href":"https:\/\/frenchschoolmilcent.com\/index.php\/wp-json\/wp\/v2\/pages"}],"about":[{"href":"https:\/\/frenchschoolmilcent.com\/index.php\/wp-json\/wp\/v2\/types\/page"}],"author":[{"embeddable":true,"href":"https:\/\/frenchschoolmilcent.com\/index.php\/wp-json\/wp\/v2\/users\/2"}],"replies":[{"embeddable":true,"href":"https:\/\/frenchschoolmilcent.com\/index.php\/wp-json\/wp\/v2\/comments?post=137"}],"version-history":[{"count":4,"href":"https:\/\/frenchschoolmilcent.com\/index.php\/wp-json\/wp\/v2\/pages\/137\/revisions"}],"predecessor-version":[{"id":292,"href":"https:\/\/frenchschoolmilcent.com\/index.php\/wp-json\/wp\/v2\/pages\/137\/revisions\/292"}],"wp:attachment":[{"href":"https:\/\/frenchschoolmilcent.com\/index.php\/wp-json\/wp\/v2\/media?parent=137"}],"curies":[{"name":"wp","href":"https:\/\/api.w.org\/{rel}","templated":true}]}}