{"id":169,"date":"2022-09-30T10:16:33","date_gmt":"2022-09-30T08:16:33","guid":{"rendered":"https:\/\/frenchschoolmilcent.com\/?page_id=169"},"modified":"2022-10-03T16:42:06","modified_gmt":"2022-10-03T14:42:06","slug":"co-potrebujem-na-zaciatok","status":"publish","type":"page","link":"https:\/\/frenchschoolmilcent.com\/index.php\/co-potrebujem-na-zaciatok\/","title":{"rendered":"\u010cO POTREBUJEM NA ZA\u010cIATOK\u00a0?"},"content":{"rendered":"\n<figure class=\"wp-block-gallery has-nested-images columns-default is-cropped wp-block-gallery-1 is-layout-flex wp-block-gallery-is-layout-flex\">\n<figure class=\"wp-block-image size-large\"><img loading=\"lazy\" decoding=\"async\" width=\"525\" height=\"524\" data-id=\"355\" src=\"https:\/\/i0.wp.com\/frenchschoolmilcent.com\/wp-content\/uploads\/2022\/10\/fotka-pariz.jpg?resize=525%2C524&#038;ssl=1\" alt=\"\" class=\"wp-image-355\" srcset=\"https:\/\/i0.wp.com\/frenchschoolmilcent.com\/wp-content\/uploads\/2022\/10\/fotka-pariz.jpg?w=1080&amp;ssl=1 1080w, https:\/\/i0.wp.com\/frenchschoolmilcent.com\/wp-content\/uploads\/2022\/10\/fotka-pariz.jpg?resize=300%2C300&amp;ssl=1 300w, https:\/\/i0.wp.com\/frenchschoolmilcent.com\/wp-content\/uploads\/2022\/10\/fotka-pariz.jpg?resize=1024%2C1022&amp;ssl=1 1024w, https:\/\/i0.wp.com\/frenchschoolmilcent.com\/wp-content\/uploads\/2022\/10\/fotka-pariz.jpg?resize=150%2C150&amp;ssl=1 150w, https:\/\/i0.wp.com\/frenchschoolmilcent.com\/wp-content\/uploads\/2022\/10\/fotka-pariz.jpg?resize=768%2C767&amp;ssl=1 768w, https:\/\/i0.wp.com\/frenchschoolmilcent.com\/wp-content\/uploads\/2022\/10\/fotka-pariz.jpg?resize=100%2C100&amp;ssl=1 100w\" sizes=\"auto, (max-width: 767px) 89vw, (max-width: 1000px) 54vw, (max-width: 1071px) 543px, 580px\" data-recalc-dims=\"1\" \/><\/figure>\n<\/figure>\n\n\n\n<ul class=\"wp-block-list\"><li>S nami sa m\u00f4\u017eete za\u010da\u0165 u\u010di\u0165 po franc\u00fazsky kedy V\u00e1m vyhovuje a kdeko\u013evek sa nach\u00e1dzate. <\/li><\/ul>\n\n\n\n<ul class=\"wp-block-list\"><li>V\u0161etko, \u010do potrebujete je po\u010d\u00edta\u010d, alebo notebook, tablet, \u010di smartf\u00f3n a dobr\u00e9 internetov\u00e9 spojenie. <\/li><\/ul>\n\n\n\n<ul class=\"wp-block-list\"><li>Na\u0161e hodiny prebiehaj\u00fa cez ZOOM, jeho nain\u0161talovanie je zdarma a v\u0161etky materi\u00e1ly a pracovn\u00e9 listy poskytujeme my.<\/li><\/ul>\n\n\n\n<figure class=\"wp-block-gallery has-nested-images columns-3 is-cropped wp-block-gallery-2 is-layout-flex wp-block-gallery-is-layout-flex\">\n<figure class=\"wp-block-image size-full is-style-rounded\"><a href=\"https:\/\/zoom-us-zoom.fr.uptodown.com\/windows\/telecharger\" target=\"_blank\" rel=\"noopener\"><img loading=\"lazy\" decoding=\"async\" width=\"313\" height=\"92\" data-id=\"206\" src=\"https:\/\/i0.wp.com\/frenchschoolmilcent.com\/wp-content\/uploads\/2022\/09\/windows-1.png?resize=313%2C92&#038;ssl=1\" alt=\"\" class=\"wp-image-206\" srcset=\"https:\/\/i0.wp.com\/frenchschoolmilcent.com\/wp-content\/uploads\/2022\/09\/windows-1.png?w=313&amp;ssl=1 313w, https:\/\/i0.wp.com\/frenchschoolmilcent.com\/wp-content\/uploads\/2022\/09\/windows-1.png?resize=300%2C88&amp;ssl=1 300w\" sizes=\"auto, (max-width: 313px) 100vw, 313px\" data-recalc-dims=\"1\" \/><\/a><\/figure>\n\n\n\n<figure class=\"wp-block-image size-full is-style-rounded\"><a href=\"https:\/\/play.google.com\/store\/apps\/details?id=us.zoom.videomeetings&amp;hl=fr&amp;gl=US\" target=\"_blank\" rel=\"noopener\"><img loading=\"lazy\" decoding=\"async\" width=\"316\" height=\"95\" data-id=\"205\" src=\"https:\/\/i0.wp.com\/frenchschoolmilcent.com\/wp-content\/uploads\/2022\/09\/play-1.png?resize=316%2C95&#038;ssl=1\" alt=\"\" class=\"wp-image-205\" srcset=\"https:\/\/i0.wp.com\/frenchschoolmilcent.com\/wp-content\/uploads\/2022\/09\/play-1.png?w=316&amp;ssl=1 316w, https:\/\/i0.wp.com\/frenchschoolmilcent.com\/wp-content\/uploads\/2022\/09\/play-1.png?resize=300%2C90&amp;ssl=1 300w\" sizes=\"auto, (max-width: 316px) 100vw, 316px\" data-recalc-dims=\"1\" \/><\/a><\/figure>\n\n\n\n<figure class=\"wp-block-image size-full is-style-rounded\"><a href=\"https:\/\/apps.apple.com\/fr\/app\/zoom-cloud-meetings\/id546505307\" target=\"_blank\" rel=\"noopener\"><img loading=\"lazy\" decoding=\"async\" width=\"312\" height=\"93\" data-id=\"204\" src=\"https:\/\/i0.wp.com\/frenchschoolmilcent.com\/wp-content\/uploads\/2022\/09\/apple-1.png?resize=312%2C93&#038;ssl=1\" alt=\"\" class=\"wp-image-204\" srcset=\"https:\/\/i0.wp.com\/frenchschoolmilcent.com\/wp-content\/uploads\/2022\/09\/apple-1.png?w=312&amp;ssl=1 312w, https:\/\/i0.wp.com\/frenchschoolmilcent.com\/wp-content\/uploads\/2022\/09\/apple-1.png?resize=300%2C89&amp;ssl=1 300w\" sizes=\"auto, (max-width: 312px) 100vw, 312px\" data-recalc-dims=\"1\" \/><\/a><\/figure>\n<\/figure>\n","protected":false},"excerpt":{"rendered":"<p>S nami sa m\u00f4\u017eete za\u010da\u0165 u\u010di\u0165 po franc\u00fazsky kedy V\u00e1m vyhovuje a kdeko\u013evek sa nach\u00e1dzate. V\u0161etko, \u010do potrebujete je po\u010d\u00edta\u010d, alebo notebook, tablet, \u010di smartf\u00f3n a dobr\u00e9 internetov\u00e9 spojenie. Na\u0161e hodiny prebiehaj\u00fa cez ZOOM, jeho nain\u0161talovanie je zdarma a v\u0161etky materi\u00e1ly a pracovn\u00e9 listy poskytujeme my.<\/p>\n","protected":false},"author":2,"featured_media":0,"parent":0,"menu_order":0,"comment_status":"closed","ping_status":"closed","template":"","meta":{"footnotes":""},"class_list":["post-169","page","type-page","status-publish","hentry"],"jetpack_sharing_enabled":true,"_links":{"self":[{"href":"https:\/\/frenchschoolmilcent.com\/index.php\/wp-json\/wp\/v2\/pages\/169","targetHints":{"allow":["GET"]}}],"collection":[{"href":"https:\/\/frenchschoolmilcent.com\/index.php\/wp-json\/wp\/v2\/pages"}],"about":[{"href":"https:\/\/frenchschoolmilcent.com\/index.php\/wp-json\/wp\/v2\/types\/page"}],"author":[{"embeddable":true,"href":"https:\/\/frenchschoolmilcent.com\/index.php\/wp-json\/wp\/v2\/users\/2"}],"replies":[{"embeddable":true,"href":"https:\/\/frenchschoolmilcent.com\/index.php\/wp-json\/wp\/v2\/comments?post=169"}],"version-history":[{"count":5,"href":"https:\/\/frenchschoolmilcent.com\/index.php\/wp-json\/wp\/v2\/pages\/169\/revisions"}],"predecessor-version":[{"id":368,"href":"https:\/\/frenchschoolmilcent.com\/index.php\/wp-json\/wp\/v2\/pages\/169\/revisions\/368"}],"wp:attachment":[{"href":"https:\/\/frenchschoolmilcent.com\/index.php\/wp-json\/wp\/v2\/media?parent=169"}],"curies":[{"name":"wp","href":"https:\/\/api.w.org\/{rel}","templated":true}]}}