{"id":2,"date":"2022-09-14T12:58:20","date_gmt":"2022-09-14T10:58:20","guid":{"rendered":"http:\/\/frenchschoolmilcent.com\/?page_id=2"},"modified":"2022-10-05T16:39:01","modified_gmt":"2022-10-05T14:39:01","slug":"page-d-exemple","status":"publish","type":"page","link":"https:\/\/frenchschoolmilcent.com\/index.php\/page-d-exemple\/","title":{"rendered":"L\u2019\u00e9cole de fran\u00e7ais en ligne"},"content":{"rendered":"\n<p>Apprenez le fran\u00e7ais avec nous dans le confort de votre maison<\/p>\n\n\n\n<p>Nous proposons des cours de fran\u00e7ais de qualit\u00e9, individuels, en bin\u00f4me ou en groupe, pour les enfants, \u00e9tudiants et les adultes, du niveau d\u00e9butant jusqu\u2019\u00e0 tr\u00e8s avanc\u00e9.<\/p>\n\n\n\n<figure class=\"wp-block-gallery has-nested-images columns-default is-cropped wp-block-gallery-1 is-layout-flex wp-block-gallery-is-layout-flex\">\n<figure class=\"wp-block-image size-large\"><img loading=\"lazy\" decoding=\"async\" width=\"525\" height=\"763\" data-id=\"345\" src=\"https:\/\/i0.wp.com\/frenchschoolmilcent.com\/wp-content\/uploads\/2022\/10\/1664806976302.jpg?resize=525%2C763&#038;ssl=1\" alt=\"\" class=\"wp-image-345\" srcset=\"https:\/\/i0.wp.com\/frenchschoolmilcent.com\/wp-content\/uploads\/2022\/10\/1664806976302.jpg?resize=705%2C1024&amp;ssl=1 705w, https:\/\/i0.wp.com\/frenchschoolmilcent.com\/wp-content\/uploads\/2022\/10\/1664806976302.jpg?resize=207%2C300&amp;ssl=1 207w, https:\/\/i0.wp.com\/frenchschoolmilcent.com\/wp-content\/uploads\/2022\/10\/1664806976302.jpg?resize=768%2C1115&amp;ssl=1 768w, https:\/\/i0.wp.com\/frenchschoolmilcent.com\/wp-content\/uploads\/2022\/10\/1664806976302.jpg?resize=1058%2C1536&amp;ssl=1 1058w, https:\/\/i0.wp.com\/frenchschoolmilcent.com\/wp-content\/uploads\/2022\/10\/1664806976302.jpg?w=1080&amp;ssl=1 1080w\" sizes=\"auto, (max-width: 525px) 100vw, 525px\" data-recalc-dims=\"1\" \/><\/figure>\n<\/figure>\n","protected":false},"excerpt":{"rendered":"<p>Apprenez le fran\u00e7ais avec nous dans le confort de votre maison Nous proposons des cours de fran\u00e7ais de qualit\u00e9, individuels, en bin\u00f4me ou en groupe, pour les enfants, \u00e9tudiants et les adultes, du niveau d\u00e9butant jusqu\u2019\u00e0 tr\u00e8s avanc\u00e9.<\/p>\n","protected":false},"author":1,"featured_media":0,"parent":0,"menu_order":0,"comment_status":"closed","ping_status":"open","template":"","meta":{"footnotes":""},"class_list":["post-2","page","type-page","status-publish","hentry"],"jetpack_sharing_enabled":true,"_links":{"self":[{"href":"https:\/\/frenchschoolmilcent.com\/index.php\/wp-json\/wp\/v2\/pages\/2","targetHints":{"allow":["GET"]}}],"collection":[{"href":"https:\/\/frenchschoolmilcent.com\/index.php\/wp-json\/wp\/v2\/pages"}],"about":[{"href":"https:\/\/frenchschoolmilcent.com\/index.php\/wp-json\/wp\/v2\/types\/page"}],"author":[{"embeddable":true,"href":"https:\/\/frenchschoolmilcent.com\/index.php\/wp-json\/wp\/v2\/users\/1"}],"replies":[{"embeddable":true,"href":"https:\/\/frenchschoolmilcent.com\/index.php\/wp-json\/wp\/v2\/comments?post=2"}],"version-history":[{"count":7,"href":"https:\/\/frenchschoolmilcent.com\/index.php\/wp-json\/wp\/v2\/pages\/2\/revisions"}],"predecessor-version":[{"id":410,"href":"https:\/\/frenchschoolmilcent.com\/index.php\/wp-json\/wp\/v2\/pages\/2\/revisions\/410"}],"wp:attachment":[{"href":"https:\/\/frenchschoolmilcent.com\/index.php\/wp-json\/wp\/v2\/media?parent=2"}],"curies":[{"name":"wp","href":"https:\/\/api.w.org\/{rel}","templated":true}]}}