{"id":38,"date":"2022-09-23T09:16:04","date_gmt":"2022-09-23T07:16:04","guid":{"rendered":"http:\/\/frenchschoolmilcent.com\/?page_id=38"},"modified":"2022-10-06T10:45:13","modified_gmt":"2022-10-06T08:45:13","slug":"programme-detudes","status":"publish","type":"page","link":"https:\/\/frenchschoolmilcent.com\/index.php\/programme-detudes\/","title":{"rendered":"PROGRAMME D\u2019\u00c9TUDES"},"content":{"rendered":"\n<figure class=\"wp-block-gallery has-nested-images columns-default is-cropped wp-block-gallery-1 is-layout-flex wp-block-gallery-is-layout-flex\">\n<figure class=\"wp-block-image size-large\"><img loading=\"lazy\" decoding=\"async\" width=\"525\" height=\"521\" data-id=\"346\" src=\"https:\/\/i0.wp.com\/frenchschoolmilcent.com\/wp-content\/uploads\/2022\/10\/1664806976308.jpg?resize=525%2C521&#038;ssl=1\" alt=\"\" class=\"wp-image-346\" srcset=\"https:\/\/i0.wp.com\/frenchschoolmilcent.com\/wp-content\/uploads\/2022\/10\/1664806976308.jpg?w=1080&amp;ssl=1 1080w, https:\/\/i0.wp.com\/frenchschoolmilcent.com\/wp-content\/uploads\/2022\/10\/1664806976308.jpg?resize=300%2C298&amp;ssl=1 300w, https:\/\/i0.wp.com\/frenchschoolmilcent.com\/wp-content\/uploads\/2022\/10\/1664806976308.jpg?resize=1024%2C1016&amp;ssl=1 1024w, https:\/\/i0.wp.com\/frenchschoolmilcent.com\/wp-content\/uploads\/2022\/10\/1664806976308.jpg?resize=150%2C150&amp;ssl=1 150w, https:\/\/i0.wp.com\/frenchschoolmilcent.com\/wp-content\/uploads\/2022\/10\/1664806976308.jpg?resize=768%2C762&amp;ssl=1 768w, https:\/\/i0.wp.com\/frenchschoolmilcent.com\/wp-content\/uploads\/2022\/10\/1664806976308.jpg?resize=100%2C100&amp;ssl=1 100w\" sizes=\"auto, (max-width: 767px) 89vw, (max-width: 1000px) 54vw, (max-width: 1071px) 543px, 580px\" data-recalc-dims=\"1\" \/><\/figure>\n<\/figure>\n\n\n\n<ol class=\"wp-block-list\"><li><strong>COURS DE CONVERSATION<\/strong>\u00a0: <ul><li>Des cours de fran\u00e7ais uniquement pour vos besoins en communication. <\/li><li>Nous nous adaptons \u00e0 votre niveau, nous travaillerons ensemble des sujets de conversation dont vous avez besoin. <\/li><li>Nous utiliserons des supports adapt\u00e9s pour vous apporter le maximum de confort en communication qui deviendra petit \u00e0 petit fluide et s\u00fbre. <\/li><li>Nous d\u00e9bloquerons vos appr\u00e9hensions et vos peurs de vous exprimer en fran\u00e7ais.<\/li><li>D\u00e9couvrez la culture fran\u00e7aise, des expressions courantes et famili\u00e8res\u00a0! <\/li><li>Vous pourrez bient\u00f4t comprendre des gens dans le m\u00e9tro ou regarder une nouvelle s\u00e9rie sur Netflix.<\/li><\/ul><\/li><li><strong>COURS DE LANGUE POUR LES VOYAGEURS<\/strong>\u00a0: <ul><li>Allez-vous bient\u00f4t partir en voyage dans un pays francophone\u00a0? <\/li><li>Pr\u00e9voyez- vous de faire un petit weekend \u00e0 Paris ou vous partez en vacances dans le sud de la France\u00a0? <\/li><li>Nous nous occuperons de votre niveau de langue fran\u00e7aise pour faciliter la communication pendant votre s\u00e9jour. <\/li><li>Ainsi vous pourrez vous d\u00e9brouiller avec aisance \u00e0 l\u2019a\u00e9roport, \u00e0 la gare, dans les magasins, en cherchant votre itin\u00e9raire ou dans un restaurant en commandant vos repas.<\/li><\/ul><\/li><li><strong>COURS G\u00c9N\u00c9RAL\u00a0:<\/strong> <ul><li>Le cours est consacr\u00e9 \u00e0 toutes les personnes qui envisagent \u00a0un s\u00e9jour \u00e0 l\u2019\u00e9tranger o\u00f9 ils auront besoin non seulement de communiquer oralement mais aussi d&rsquo;utiliser leurs connaissances \u00e0 l\u2019\u00e9crit. <\/li><li>Il peut s\u2019agir d\u2019un \u00e9change scolaire, un stage dans une entreprise fran\u00e7aise, un nouveau travail dans un pays francophone ou autre\u2026 <\/li><li>Gr\u00e2ce \u00e0 nos cours vous serez capable de comprendre l\u2019essentiel d\u2019un compte rendu et des textes, parler de votre profession, vous pr\u00e9senter et vous sentir \u00e0 l\u2019aise dans votre travail en fran\u00e7ais.<\/li><\/ul><\/li><li><strong>COURS POUR LES ENFANTS\u00a0<\/strong>: <ul><li>Parmi nos cours nous proposons aussi des cours pour les petits et grands enfants, qui auront besoin d\u2019apprendre le fran\u00e7ais pour de diverses raisons. <\/li><li>Nous nous y prenons avec s\u00e9rieux mais surtout en nous amusant ensemble. <\/li><li>Nous nous adaptons \u00e0 l\u2019\u00e2ge de l\u2019enfant \u00e0 ses envies et ses besoins linguistiques. <\/li><li>En cas de d\u00e9m\u00e9nagement dans un pays francophone ou d\u2019un projet familial, n\u2019h\u00e9sitez pas \u00e0 vous inscrire en famille pour profiter d\u2019une offre de cours adapt\u00e9s en groupe.<\/li><\/ul><\/li><li><strong>PR\u00c9PARATION AUX EXAMENS\u00a0:<\/strong> <ul><li>Si vous envisagez de passer des examens de DALF, DELF, des examens d\u2019\u00e9tat ou autres, nous nous occupons avec plaisir de votre projet. <\/li><li>Nous travaillerons ensemble point par point toutes les exigences de l\u2019examen. <\/li><li>De la grammaire, du vocabulaire par la compr\u00e9hension orale \u00e0 la production \u00e9crite, confiez nous votre r\u00e9ussite\u00a0!<\/li><\/ul><\/li><\/ol>\n","protected":false},"excerpt":{"rendered":"<p>COURS DE CONVERSATION\u00a0: Des cours de fran\u00e7ais uniquement pour vos besoins en communication. Nous nous adaptons \u00e0 votre niveau, nous travaillerons ensemble des sujets de conversation dont vous avez besoin. Nous utiliserons des supports adapt\u00e9s pour vous apporter le maximum de confort en communication qui deviendra petit \u00e0 petit fluide et s\u00fbre. Nous d\u00e9bloquerons vos &hellip; <\/p>\n<p class=\"link-more\"><a href=\"https:\/\/frenchschoolmilcent.com\/index.php\/programme-detudes\/\" class=\"more-link\">Continuer la lecture<span class=\"screen-reader-text\"> de &laquo;&nbsp;PROGRAMME D\u2019\u00c9TUDES&nbsp;&raquo;<\/span><\/a><\/p>\n","protected":false},"author":2,"featured_media":0,"parent":0,"menu_order":0,"comment_status":"closed","ping_status":"closed","template":"","meta":{"footnotes":""},"class_list":["post-38","page","type-page","status-publish","hentry"],"jetpack_sharing_enabled":true,"_links":{"self":[{"href":"https:\/\/frenchschoolmilcent.com\/index.php\/wp-json\/wp\/v2\/pages\/38","targetHints":{"allow":["GET"]}}],"collection":[{"href":"https:\/\/frenchschoolmilcent.com\/index.php\/wp-json\/wp\/v2\/pages"}],"about":[{"href":"https:\/\/frenchschoolmilcent.com\/index.php\/wp-json\/wp\/v2\/types\/page"}],"author":[{"embeddable":true,"href":"https:\/\/frenchschoolmilcent.com\/index.php\/wp-json\/wp\/v2\/users\/2"}],"replies":[{"embeddable":true,"href":"https:\/\/frenchschoolmilcent.com\/index.php\/wp-json\/wp\/v2\/comments?post=38"}],"version-history":[{"count":6,"href":"https:\/\/frenchschoolmilcent.com\/index.php\/wp-json\/wp\/v2\/pages\/38\/revisions"}],"predecessor-version":[{"id":413,"href":"https:\/\/frenchschoolmilcent.com\/index.php\/wp-json\/wp\/v2\/pages\/38\/revisions\/413"}],"wp:attachment":[{"href":"https:\/\/frenchschoolmilcent.com\/index.php\/wp-json\/wp\/v2\/media?parent=38"}],"curies":[{"name":"wp","href":"https:\/\/api.w.org\/{rel}","templated":true}]}}