{"id":41,"date":"2022-09-23T09:18:35","date_gmt":"2022-09-23T07:18:35","guid":{"rendered":"http:\/\/frenchschoolmilcent.com\/?page_id=41"},"modified":"2022-10-04T15:32:24","modified_gmt":"2022-10-04T13:32:24","slug":"qui-sommes-nous","status":"publish","type":"page","link":"https:\/\/frenchschoolmilcent.com\/index.php\/qui-sommes-nous\/","title":{"rendered":"QUI SOMMES NOUS\u00a0?"},"content":{"rendered":"\n<figure class=\"wp-block-gallery has-nested-images columns-default is-cropped wp-block-gallery-1 is-layout-flex wp-block-gallery-is-layout-flex\">\n<figure class=\"wp-block-image size-large is-style-rounded\"><img loading=\"lazy\" decoding=\"async\" width=\"525\" height=\"446\" data-id=\"391\" src=\"https:\/\/i0.wp.com\/frenchschoolmilcent.com\/wp-content\/uploads\/2022\/10\/20201026_150626-2.jpg?resize=525%2C446&#038;ssl=1\" alt=\"\" class=\"wp-image-391\" srcset=\"https:\/\/i0.wp.com\/frenchschoolmilcent.com\/wp-content\/uploads\/2022\/10\/20201026_150626-2.jpg?resize=1024%2C869&amp;ssl=1 1024w, https:\/\/i0.wp.com\/frenchschoolmilcent.com\/wp-content\/uploads\/2022\/10\/20201026_150626-2.jpg?resize=300%2C254&amp;ssl=1 300w, https:\/\/i0.wp.com\/frenchschoolmilcent.com\/wp-content\/uploads\/2022\/10\/20201026_150626-2.jpg?resize=768%2C651&amp;ssl=1 768w, https:\/\/i0.wp.com\/frenchschoolmilcent.com\/wp-content\/uploads\/2022\/10\/20201026_150626-2.jpg?resize=1536%2C1303&amp;ssl=1 1536w, https:\/\/i0.wp.com\/frenchschoolmilcent.com\/wp-content\/uploads\/2022\/10\/20201026_150626-2.jpg?w=1607&amp;ssl=1 1607w\" sizes=\"auto, (max-width: 767px) 89vw, (max-width: 1000px) 54vw, (max-width: 1071px) 543px, 580px\" data-recalc-dims=\"1\" \/><\/figure>\n<\/figure>\n\n\n\n<blockquote class=\"wp-block-quote is-layout-flow wp-block-quote-is-layout-flow\"><p>Nous sommes <strong>Martina <\/strong>et <strong>J\u00e9r\u00f4me <\/strong>Milcent, un couple franco- slovaque qui consacre sa vie professionnelle \u00e0 l\u2019enseignement et aux projets \u00e9ducatifs.<br><br><\/p><\/blockquote>\n\n\n\n<blockquote class=\"wp-block-quote is-layout-flow wp-block-quote-is-layout-flow\"><p><strong>MARTINA<\/strong><\/p><\/blockquote>\n\n\n\n<figure class=\"wp-block-image size-large is-resized is-style-default\"><img loading=\"lazy\" decoding=\"async\" src=\"https:\/\/i0.wp.com\/frenchschoolmilcent.com\/wp-content\/uploads\/2022\/10\/1664810518785.jpg?resize=215%2C173&#038;ssl=1\" alt=\"\" class=\"wp-image-386\" width=\"215\" height=\"173\" data-recalc-dims=\"1\" \/><\/figure>\n\n\n\n<ul class=\"wp-block-list\"><li>Une sp\u00e9cialiste en enseignement des langues \u00e9trang\u00e8res en personne et en ligne, notamment le fran\u00e7ais, l\u2019anglais et le slovaque. <\/li><\/ul>\n\n\n\n<ul class=\"wp-block-list\"><li>Poss\u00e9dant une solide exp\u00e9rience en tant que professeure particuli\u00e8re de fran\u00e7ais, enseignante d&rsquo;anglais dans une \u00e9cole priv\u00e9e et formatrice de slovaque chez PSA Peugeot Citro\u00ebn et \u00e9galement en travaillant comme traductrice de fran\u00e7ais et de slovaque.<\/li><\/ul>\n\n\n\n<blockquote class=\"wp-block-quote is-layout-flow wp-block-quote-is-layout-flow\"><p><strong>J\u00c9R\u00d4ME<\/strong><\/p><\/blockquote>\n\n\n\n<figure class=\"wp-block-image size-thumbnail is-resized is-style-default\"><img loading=\"lazy\" decoding=\"async\" src=\"https:\/\/i0.wp.com\/frenchschoolmilcent.com\/wp-content\/uploads\/2022\/10\/IMG-20220930-WA0020.jpg?resize=145%2C152&#038;ssl=1\" alt=\"\" class=\"wp-image-311\" width=\"145\" height=\"152\" data-recalc-dims=\"1\" \/><\/figure>\n\n\n\n<ul class=\"wp-block-list\"><li>Le professeur exp\u00e9riment\u00e9 et locuteur natif poss\u00e9dant une solide formation p\u00e9dagogique et une vaste exp\u00e9rience de travail en \u00e9ducation sp\u00e9cialis\u00e9e. <\/li><\/ul>\n\n\n\n<ul class=\"wp-block-list\"><li>Communicatif, patient et s\u00e9rieux et ayant un don de faire progresser m\u00eame les \u00e9tudiants les plus r\u00e9ticents et non- communicatifs. <\/li><\/ul>\n\n\n\n<ul class=\"wp-block-list\"><li>Ses cours sont bas\u00e9s sur l\u2019\u00e9change autour des sujets de la vie quotidienne et sur le d\u00e9veloppement des capacit\u00e9s d\u2019\u00e9coute et de compr\u00e9hension.<\/li><\/ul>\n","protected":false},"excerpt":{"rendered":"<p>Nous sommes Martina et J\u00e9r\u00f4me Milcent, un couple franco- slovaque qui consacre sa vie professionnelle \u00e0 l\u2019enseignement et aux projets \u00e9ducatifs. MARTINA Une sp\u00e9cialiste en enseignement des langues \u00e9trang\u00e8res en personne et en ligne, notamment le fran\u00e7ais, l\u2019anglais et le slovaque. Poss\u00e9dant une solide exp\u00e9rience en tant que professeure particuli\u00e8re de fran\u00e7ais, enseignante d&rsquo;anglais dans &hellip; <\/p>\n<p class=\"link-more\"><a href=\"https:\/\/frenchschoolmilcent.com\/index.php\/qui-sommes-nous\/\" class=\"more-link\">Continuer la lecture<span class=\"screen-reader-text\"> de &laquo;&nbsp;QUI SOMMES NOUS\u00a0?&nbsp;&raquo;<\/span><\/a><\/p>\n","protected":false},"author":2,"featured_media":0,"parent":0,"menu_order":0,"comment_status":"closed","ping_status":"closed","template":"","meta":{"footnotes":""},"class_list":["post-41","page","type-page","status-publish","hentry"],"jetpack_sharing_enabled":true,"_links":{"self":[{"href":"https:\/\/frenchschoolmilcent.com\/index.php\/wp-json\/wp\/v2\/pages\/41","targetHints":{"allow":["GET"]}}],"collection":[{"href":"https:\/\/frenchschoolmilcent.com\/index.php\/wp-json\/wp\/v2\/pages"}],"about":[{"href":"https:\/\/frenchschoolmilcent.com\/index.php\/wp-json\/wp\/v2\/types\/page"}],"author":[{"embeddable":true,"href":"https:\/\/frenchschoolmilcent.com\/index.php\/wp-json\/wp\/v2\/users\/2"}],"replies":[{"embeddable":true,"href":"https:\/\/frenchschoolmilcent.com\/index.php\/wp-json\/wp\/v2\/comments?post=41"}],"version-history":[{"count":13,"href":"https:\/\/frenchschoolmilcent.com\/index.php\/wp-json\/wp\/v2\/pages\/41\/revisions"}],"predecessor-version":[{"id":399,"href":"https:\/\/frenchschoolmilcent.com\/index.php\/wp-json\/wp\/v2\/pages\/41\/revisions\/399"}],"wp:attachment":[{"href":"https:\/\/frenchschoolmilcent.com\/index.php\/wp-json\/wp\/v2\/media?parent=41"}],"curies":[{"name":"wp","href":"https:\/\/api.w.org\/{rel}","templated":true}]}}