{"id":44,"date":"2022-09-23T09:19:34","date_gmt":"2022-09-23T07:19:34","guid":{"rendered":"http:\/\/frenchschoolmilcent.com\/?page_id=44"},"modified":"2022-10-04T15:37:25","modified_gmt":"2022-10-04T13:37:25","slug":"pourquoi-nous-choisir","status":"publish","type":"page","link":"https:\/\/frenchschoolmilcent.com\/index.php\/pourquoi-nous-choisir\/","title":{"rendered":"POURQUOI NOUS CHOISIR\u00a0?"},"content":{"rendered":"\n<figure class=\"wp-block-gallery has-nested-images columns-default is-cropped wp-block-gallery-1 is-layout-flex wp-block-gallery-is-layout-flex\">\n<figure class=\"wp-block-image size-large\"><img loading=\"lazy\" decoding=\"async\" width=\"525\" height=\"647\" data-id=\"307\" src=\"https:\/\/i0.wp.com\/frenchschoolmilcent.com\/wp-content\/uploads\/2022\/10\/IMG-20220930-WA0012.jpg?resize=525%2C647&#038;ssl=1\" alt=\"\" class=\"wp-image-307\" srcset=\"https:\/\/i0.wp.com\/frenchschoolmilcent.com\/wp-content\/uploads\/2022\/10\/IMG-20220930-WA0012.jpg?w=1080&amp;ssl=1 1080w, https:\/\/i0.wp.com\/frenchschoolmilcent.com\/wp-content\/uploads\/2022\/10\/IMG-20220930-WA0012.jpg?resize=243%2C300&amp;ssl=1 243w, https:\/\/i0.wp.com\/frenchschoolmilcent.com\/wp-content\/uploads\/2022\/10\/IMG-20220930-WA0012.jpg?resize=831%2C1024&amp;ssl=1 831w, https:\/\/i0.wp.com\/frenchschoolmilcent.com\/wp-content\/uploads\/2022\/10\/IMG-20220930-WA0012.jpg?resize=768%2C946&amp;ssl=1 768w\" sizes=\"auto, (max-width: 767px) 89vw, (max-width: 1000px) 54vw, (max-width: 1071px) 543px, 580px\" data-recalc-dims=\"1\" \/><\/figure>\n<\/figure>\n\n\n\n<ol class=\"wp-block-list\"><li><strong>SP\u00c9CIALISATION EN LANGUE FRAN\u00c7AISE<\/strong>\u00a0: <ul><li>Notre langue d\u2019enseignement est exclusivement le fran\u00e7ais ou nous poss\u00e9dons de longues exp\u00e9riences p\u00e9dagogiques.<\/li><\/ul><\/li><li><strong>DES COURS PERSONNALIS\u00c9S ET UNE APPROCHE INDIVIDUELLE<\/strong>\u00a0: <ul><li>Nous sommes flexibles et nous adaptons nos cours \u00e0 chaque \u00e9l\u00e8ve et \u00e0 ses besoins.<\/li><\/ul><\/li><li><strong>S\u00c9ANCES AUSSI EN BIN\u00d4ME ET EN GROUPES<\/strong>\u00a0: <ul><li>Vous pouvez partager le co\u00fbt des cours avec vos amis, coll\u00e8gues ou vous pouvez vous inscrire en famille.<\/li><\/ul><\/li><li><strong>SUIVI DU PROGR\u00c8S\u00a0PAR\u00a0 LE CECR<\/strong>\u00a0: <ul><li>Le Cadre europ\u00e9en commun de r\u00e9f\u00e9rence pour les langues est comme son nom l&rsquo;indique un cadre qui d\u00e9crit les comp\u00e9tences en langues \u00e9trang\u00e8res \u00e0 six niveaux\u00a0.<\/li><li>De A1 pour les d\u00e9butants jusqu\u2019\u00e0 C2 pour les tr\u00e8s avanc\u00e9s. <\/li><li>Quand vous vous inscrivez \u00e0 nos le\u00e7ons, vous allez avoir acc\u00e8s \u00e0 notre test du CECR qui d\u00e9terminera votre niveau et nous vous indiquerons le cours bien adapt\u00e9 \u00e0 vos aptitudes.<\/li><\/ul><\/li><li><strong>PAIEMENT APR\u00c8S CHAQUE\u00a0 COURS<\/strong>\u00a0: <ul><li>Vous payez par virement apr\u00e8s votre le\u00e7on<\/li><\/ul><\/li><\/ol>\n","protected":false},"excerpt":{"rendered":"<p>SP\u00c9CIALISATION EN LANGUE FRAN\u00c7AISE\u00a0: Notre langue d\u2019enseignement est exclusivement le fran\u00e7ais ou nous poss\u00e9dons de longues exp\u00e9riences p\u00e9dagogiques. DES COURS PERSONNALIS\u00c9S ET UNE APPROCHE INDIVIDUELLE\u00a0: Nous sommes flexibles et nous adaptons nos cours \u00e0 chaque \u00e9l\u00e8ve et \u00e0 ses besoins. S\u00c9ANCES AUSSI EN BIN\u00d4ME ET EN GROUPES\u00a0: Vous pouvez partager le co\u00fbt des cours avec &hellip; <\/p>\n<p class=\"link-more\"><a href=\"https:\/\/frenchschoolmilcent.com\/index.php\/pourquoi-nous-choisir\/\" class=\"more-link\">Continuer la lecture<span class=\"screen-reader-text\"> de &laquo;&nbsp;POURQUOI NOUS CHOISIR\u00a0?&nbsp;&raquo;<\/span><\/a><\/p>\n","protected":false},"author":2,"featured_media":0,"parent":0,"menu_order":0,"comment_status":"closed","ping_status":"closed","template":"","meta":{"footnotes":""},"class_list":["post-44","page","type-page","status-publish","hentry"],"jetpack_sharing_enabled":true,"_links":{"self":[{"href":"https:\/\/frenchschoolmilcent.com\/index.php\/wp-json\/wp\/v2\/pages\/44","targetHints":{"allow":["GET"]}}],"collection":[{"href":"https:\/\/frenchschoolmilcent.com\/index.php\/wp-json\/wp\/v2\/pages"}],"about":[{"href":"https:\/\/frenchschoolmilcent.com\/index.php\/wp-json\/wp\/v2\/types\/page"}],"author":[{"embeddable":true,"href":"https:\/\/frenchschoolmilcent.com\/index.php\/wp-json\/wp\/v2\/users\/2"}],"replies":[{"embeddable":true,"href":"https:\/\/frenchschoolmilcent.com\/index.php\/wp-json\/wp\/v2\/comments?post=44"}],"version-history":[{"count":10,"href":"https:\/\/frenchschoolmilcent.com\/index.php\/wp-json\/wp\/v2\/pages\/44\/revisions"}],"predecessor-version":[{"id":402,"href":"https:\/\/frenchschoolmilcent.com\/index.php\/wp-json\/wp\/v2\/pages\/44\/revisions\/402"}],"wp:attachment":[{"href":"https:\/\/frenchschoolmilcent.com\/index.php\/wp-json\/wp\/v2\/media?parent=44"}],"curies":[{"name":"wp","href":"https:\/\/api.w.org\/{rel}","templated":true}]}}